{"id":14529,"date":"2021-02-20T17:06:40","date_gmt":"2021-02-20T16:06:40","guid":{"rendered":"https:\/\/www.atrisinvest.cz\/contract\/"},"modified":"2026-03-05T14:26:43","modified_gmt":"2026-03-05T13:26:43","slug":"contract","status":"publish","type":"page","link":"https:\/\/www.atrisinvest.cz\/en\/contract\/","title":{"rendered":"Contract"},"content":{"rendered":"\n<style type=\"text\/css\" data-created_by=\"avia_inline_auto\" id=\"style-css-av-lh6mt3f0-1cb0dac67c4b363c20d6ddad2c57b754\">\n.avia-section.av-lh6mt3f0-1cb0dac67c4b363c20d6ddad2c57b754{\nposition:relative;\n}\n.avia-section.av-lh6mt3f0-1cb0dac67c4b363c20d6ddad2c57b754 .avia-divider-svg-top svg{\nheight:10px;\nwidth:calc(100% + 1.3px);\nfill:#ce9d3e;\n}\n<\/style>\n<div id='av_section_1'  class='avia-section av-lh6mt3f0-1cb0dac67c4b363c20d6ddad2c57b754 main_color avia-section-default avia-no-border-styling  avia-builder-el-0  el_before_av_section  avia-builder-el-first  avia-bg-style-scroll container_wrap fullsize'  ><div class='avia-divider-svg avia-divider-svg-opacity-tilt avia-divider-svg-top avia-svg-original'><svg xmlns=\"http:\/\/www.w3.org\/2000\/svg\" viewBox=\"0 0 2600 131.1\" preserveAspectRatio=\"none\">\n\t<path d=\"M0 0L2600 0 2600 69.1 0 0z\"\/>\n\t<path style=\"opacity:0.5\" d=\"M0 0L2600 0 2600 69.1 0 69.1z\"\/>\n\t<path style=\"opacity:0.25\" d=\"M2600 0L0 0 0 130.1 2600 69.1z\"\/>\n<\/svg><\/div><div class='container av-section-cont-open' ><main  role=\"main\" itemprop=\"mainContentOfPage\"  class='template-page content  av-content-full alpha units'><div class='post-entry post-entry-type-page post-entry-14529'><div class='entry-content-wrapper clearfix'>\n\n<style type=\"text\/css\" data-created_by=\"avia_inline_auto\" id=\"style-css-av-kldwxqqn-1-fc484bfc77d2255b7533f4e37c587ee5\">\n#top .hr.hr-invisible.av-kldwxqqn-1-fc484bfc77d2255b7533f4e37c587ee5{\nheight:30px;\n}\n<\/style>\n<div  class='hr av-kldwxqqn-1-fc484bfc77d2255b7533f4e37c587ee5 hr-invisible  avia-builder-el-1  el_before_av_heading  avia-builder-el-first '><span class='hr-inner '><span class=\"hr-inner-style\"><\/span><\/span><\/div>\n\n<style type=\"text\/css\" data-created_by=\"avia_inline_auto\" id=\"style-css-av-2ops36-6a3f759bbeaaafc454301eca417dc046\">\n#top .av-special-heading.av-2ops36-6a3f759bbeaaafc454301eca417dc046{\npadding-bottom:10px;\ncolor:#000000;\nfont-size:30px;\n}\nbody .av-special-heading.av-2ops36-6a3f759bbeaaafc454301eca417dc046 .av-special-heading-tag .heading-char{\nfont-size:25px;\n}\n#top #wrap_all .av-special-heading.av-2ops36-6a3f759bbeaaafc454301eca417dc046 .av-special-heading-tag{\nfont-size:30px;\n}\n.av-special-heading.av-2ops36-6a3f759bbeaaafc454301eca417dc046 .special-heading-inner-border{\nborder-color:#000000;\n}\n.av-special-heading.av-2ops36-6a3f759bbeaaafc454301eca417dc046 .av-subheading{\nfont-size:15px;\ncolor:#000000;\n}\n\n@media only screen and (min-width: 480px) and (max-width: 767px){ \n#top #wrap_all .av-special-heading.av-2ops36-6a3f759bbeaaafc454301eca417dc046 .av-special-heading-tag{\nfont-size:0.8em;\n}\n}\n\n@media only screen and (max-width: 479px){ \n#top #wrap_all .av-special-heading.av-2ops36-6a3f759bbeaaafc454301eca417dc046 .av-special-heading-tag{\nfont-size:0.8em;\n}\n}\n<\/style>\n<div  class='av-special-heading av-2ops36-6a3f759bbeaaafc454301eca417dc046 av-special-heading-h2 custom-color-heading blockquote modern-quote modern-centered  avia-builder-el-2  el_after_av_hr  el_before_av_heading  av-inherit-size'><h2 class='av-special-heading-tag '  itemprop=\"headline\"  >Online contract for you<\/h2><div class='av_custom_color av-subheading av-subheading_below'><p>Concluding an investment contract online<\/p>\n<\/div><div class=\"special-heading-border\"><div class=\"special-heading-inner-border\"><\/div><\/div><\/div>\n\n<style type=\"text\/css\" data-created_by=\"avia_inline_auto\" id=\"style-css-av-kn1xkhsl-bbdbce74c9304c0ff9af7ba2c1f012b9\">\n#top .av-special-heading.av-kn1xkhsl-bbdbce74c9304c0ff9af7ba2c1f012b9{\npadding-bottom:10px;\n}\nbody .av-special-heading.av-kn1xkhsl-bbdbce74c9304c0ff9af7ba2c1f012b9 .av-special-heading-tag .heading-char{\nfont-size:25px;\n}\n.av-special-heading.av-kn1xkhsl-bbdbce74c9304c0ff9af7ba2c1f012b9 .av-subheading{\nfont-size:15px;\n}\n<\/style>\n<div  class='av-special-heading av-kn1xkhsl-bbdbce74c9304c0ff9af7ba2c1f012b9 av-special-heading-h3 blockquote modern-quote modern-centered  avia-builder-el-3  el_after_av_heading  avia-builder-el-last '><h3 class='av-special-heading-tag '  itemprop=\"headline\"  ><font color=\"\"#000000\"\">Do you need advice on concluding a contract online? Or would you prefer to set up a contract in person? Call us at: <\/font><font color=\"\"#dd1e38\"\">733 686 901<\/font><\/h3><div class=\"special-heading-border\"><div class=\"special-heading-inner-border\"><\/div><\/div><\/div>\n\n<\/div><\/div><\/main><!-- close content main element --><\/div><\/div>\n<style type=\"text\/css\" data-created_by=\"avia_inline_auto\" id=\"style-css-av-lcnei4s0-eff5cebeda158e784d75af8f57fa9a45\">\n.avia-section.av-lcnei4s0-eff5cebeda158e784d75af8f57fa9a45{\nposition:relative;\n}\n.avia-section.av-lcnei4s0-eff5cebeda158e784d75af8f57fa9a45 .av-extra-border-element .av-extra-border-inner{\nbackground-color:#dd1e38;\n}\n.avia-section.av-lcnei4s0-eff5cebeda158e784d75af8f57fa9a45 .avia-divider-svg-bottom svg{\nheight:10px;\nwidth:calc(100% + 1.3px);\nfill:#ce9d3e;\n}\n<\/style>\n<div id='av_section_2'  class='avia-section av-lcnei4s0-eff5cebeda158e784d75af8f57fa9a45 main_color avia-section-default avia-no-border-styling  avia-builder-el-4  el_after_av_section  avia-builder-el-last  avia-bg-style-scroll container_wrap fullsize'  ><div class='avia-divider-svg avia-divider-svg-opacity-tilt avia-divider-svg-bottom avia-svg-original'><svg xmlns=\"http:\/\/www.w3.org\/2000\/svg\" viewBox=\"0 0 2600 131.1\" preserveAspectRatio=\"none\">\n\t<path d=\"M0 0L2600 0 2600 69.1 0 0z\"\/>\n\t<path style=\"opacity:0.5\" d=\"M0 0L2600 0 2600 69.1 0 69.1z\"\/>\n\t<path style=\"opacity:0.25\" d=\"M2600 0L0 0 0 130.1 2600 69.1z\"\/>\n<\/svg><\/div><div class='container av-section-cont-open' ><div class='template-page content  av-content-full alpha units'><div class='post-entry post-entry-type-page post-entry-14529'><div class='entry-content-wrapper clearfix'>\n\n\n<style type=\"text\/css\" data-created_by=\"avia_inline_auto\" id=\"style-css-av-1zixhe-b86397563fb54f23ecf997818cb9229f\">\n#top .hr.hr-invisible.av-1zixhe-b86397563fb54f23ecf997818cb9229f{\nheight:200px;\n}\n<\/style>\n<div  class='hr av-1zixhe-b86397563fb54f23ecf997818cb9229f hr-invisible  avia-builder-el-6  el_after_av_codeblock  avia-builder-el-last '><span class='hr-inner '><span class=\"hr-inner-style\"><\/span><\/span><\/div>\n\n","protected":false},"excerpt":{"rendered":"","protected":false},"author":1,"featured_media":0,"parent":0,"menu_order":0,"comment_status":"open","ping_status":"open","template":"","meta":{"jetpack_post_was_ever_published":false,"footnotes":""},"class_list":["post-14529","page","type-page","status-publish","hentry"],"yoast_head":"<!-- This site is optimized with the Yoast SEO Premium plugin v25.2 (Yoast SEO v25.2) - https:\/\/yoast.com\/wordpress\/plugins\/seo\/ -->\n<title>ATRIS investi\u010dn\u00ed spole\u010dnost, a.s.<\/title>\n<meta name=\"description\" content=\"Open-ended real estate fund. Fund type: Special real estate fund, OPF. Fund depository: \u010ceskoslovensk\u00e1 obchodn\u00ed banka, a.s. ISIN: CZ0008473139\" \/>\n<meta name=\"robots\" content=\"index, follow, max-snippet:-1, max-image-preview:large, max-video-preview:-1\" \/>\n<link rel=\"canonical\" href=\"https:\/\/www.atrisinvest.cz\/en\/contract\/\" \/>\n<meta property=\"og:locale\" content=\"en_US\" \/>\n<meta property=\"og:type\" content=\"article\" \/>\n<meta property=\"og:title\" content=\"Contract\" \/>\n<meta property=\"og:description\" content=\"Open-ended real estate fund. Fund type: Special real estate fund, OPF. Fund depository: \u010ceskoslovensk\u00e1 obchodn\u00ed banka, a.s. ISIN: CZ0008473139\" \/>\n<meta property=\"og:url\" content=\"https:\/\/www.atrisinvest.cz\/en\/contract\/\" \/>\n<meta property=\"og:site_name\" content=\"ATRIS investi\u010dn\u00ed spole\u010dnost, a.s.\" \/>\n<meta property=\"article:publisher\" content=\"https:\/\/www.facebook.com\/ATRISinvest.cz\" \/>\n<meta property=\"article:modified_time\" content=\"2026-03-05T13:26:43+00:00\" \/>\n<meta property=\"og:image\" content=\"https:\/\/www.atrisinvest.cz\/wp-content\/uploads\/seo.png\" \/>\n\t<meta property=\"og:image:width\" content=\"1200\" \/>\n\t<meta property=\"og:image:height\" content=\"675\" \/>\n\t<meta property=\"og:image:type\" content=\"image\/png\" \/>\n<meta name=\"twitter:card\" content=\"summary_large_image\" \/>\n<meta name=\"twitter:label1\" content=\"Est. reading time\" \/>\n\t<meta name=\"twitter:data1\" content=\"1 minute\" \/>\n<script type=\"application\/ld+json\" class=\"yoast-schema-graph\">{\"@context\":\"https:\/\/schema.org\",\"@graph\":[{\"@type\":\"WebPage\",\"@id\":\"https:\/\/www.atrisinvest.cz\/en\/contract\/\",\"url\":\"https:\/\/www.atrisinvest.cz\/en\/contract\/\",\"name\":\"\",\"isPartOf\":{\"@id\":\"https:\/\/www.atrisinvest.cz\/en\/#website\"},\"datePublished\":\"2021-02-20T16:06:40+00:00\",\"dateModified\":\"2026-03-05T13:26:43+00:00\",\"description\":\"Open-ended real estate fund. Fund type: Special real estate fund, OPF. Fund depository: \u010ceskoslovensk\u00e1 obchodn\u00ed banka, a.s. ISIN: CZ0008473139\",\"breadcrumb\":{\"@id\":\"https:\/\/www.atrisinvest.cz\/en\/contract\/#breadcrumb\"},\"inLanguage\":\"en-US\",\"potentialAction\":[{\"@type\":\"ReadAction\",\"target\":[\"https:\/\/www.atrisinvest.cz\/en\/contract\/\"]}]},{\"@type\":\"BreadcrumbList\",\"@id\":\"https:\/\/www.atrisinvest.cz\/en\/contract\/#breadcrumb\",\"itemListElement\":[{\"@type\":\"ListItem\",\"position\":1,\"name\":\"Dom\u016f\",\"item\":\"https:\/\/www.atrisinvest.cz\/en\/\"},{\"@type\":\"ListItem\",\"position\":2,\"name\":\"Contract\"}]},{\"@type\":\"WebSite\",\"@id\":\"https:\/\/www.atrisinvest.cz\/en\/#website\",\"url\":\"https:\/\/www.atrisinvest.cz\/en\/\",\"name\":\"ATRIS investi\u010dn\u00ed spole\u010dnost, a.s.\",\"description\":\"\",\"publisher\":{\"@id\":\"https:\/\/www.atrisinvest.cz\/en\/#organization\"},\"alternateName\":\"Investic\u00edm d\u00e1v\u00e1me s\u00edlu\",\"potentialAction\":[{\"@type\":\"SearchAction\",\"target\":{\"@type\":\"EntryPoint\",\"urlTemplate\":\"https:\/\/www.atrisinvest.cz\/en\/?s={search_term_string}\"},\"query-input\":{\"@type\":\"PropertyValueSpecification\",\"valueRequired\":true,\"valueName\":\"search_term_string\"}}],\"inLanguage\":\"en-US\"},{\"@type\":\"Organization\",\"@id\":\"https:\/\/www.atrisinvest.cz\/en\/#organization\",\"name\":\"ATRIS investi\u010dn\u00ed spole\u010dnost, a.s.\",\"alternateName\":\"ATRIS IS\",\"url\":\"https:\/\/www.atrisinvest.cz\/en\/\",\"logo\":{\"@type\":\"ImageObject\",\"inLanguage\":\"en-US\",\"@id\":\"https:\/\/www.atrisinvest.cz\/en\/#\/schema\/logo\/image\/\",\"url\":\"https:\/\/atrisinvest.cz\/wp-content\/uploads\/profil.obr_.socialy.png\",\"contentUrl\":\"https:\/\/atrisinvest.cz\/wp-content\/uploads\/profil.obr_.socialy.png\",\"width\":259,\"height\":259,\"caption\":\"ATRIS investi\u010dn\u00ed spole\u010dnost, a.s.\"},\"image\":{\"@id\":\"https:\/\/www.atrisinvest.cz\/en\/#\/schema\/logo\/image\/\"},\"sameAs\":[\"https:\/\/www.facebook.com\/ATRISinvest.cz\",\"https:\/\/www.instagram.com\/atrisinvest\/\",\"https:\/\/www.linkedin.com\/company\/35541313\/admin\/\"]}]}<\/script>\n<!-- \/ Yoast SEO Premium plugin. -->","yoast_head_json":{"title":"ATRIS investi\u010dn\u00ed spole\u010dnost, a.s.","description":"Open-ended real estate fund. Fund type: Special real estate fund, OPF. Fund depository: \u010ceskoslovensk\u00e1 obchodn\u00ed banka, a.s. ISIN: CZ0008473139","robots":{"index":"index","follow":"follow","max-snippet":"max-snippet:-1","max-image-preview":"max-image-preview:large","max-video-preview":"max-video-preview:-1"},"canonical":"https:\/\/www.atrisinvest.cz\/en\/contract\/","og_locale":"en_US","og_type":"article","og_title":"Contract","og_description":"Open-ended real estate fund. Fund type: Special real estate fund, OPF. Fund depository: \u010ceskoslovensk\u00e1 obchodn\u00ed banka, a.s. ISIN: CZ0008473139","og_url":"https:\/\/www.atrisinvest.cz\/en\/contract\/","og_site_name":"ATRIS investi\u010dn\u00ed spole\u010dnost, a.s.","article_publisher":"https:\/\/www.facebook.com\/ATRISinvest.cz","article_modified_time":"2026-03-05T13:26:43+00:00","og_image":[{"width":1200,"height":675,"url":"https:\/\/www.atrisinvest.cz\/wp-content\/uploads\/seo.png","type":"image\/png"}],"twitter_card":"summary_large_image","twitter_misc":{"Est. reading time":"1 minute"},"schema":{"@context":"https:\/\/schema.org","@graph":[{"@type":"WebPage","@id":"https:\/\/www.atrisinvest.cz\/en\/contract\/","url":"https:\/\/www.atrisinvest.cz\/en\/contract\/","name":"","isPartOf":{"@id":"https:\/\/www.atrisinvest.cz\/en\/#website"},"datePublished":"2021-02-20T16:06:40+00:00","dateModified":"2026-03-05T13:26:43+00:00","description":"Open-ended real estate fund. Fund type: Special real estate fund, OPF. Fund depository: \u010ceskoslovensk\u00e1 obchodn\u00ed banka, a.s. ISIN: CZ0008473139","breadcrumb":{"@id":"https:\/\/www.atrisinvest.cz\/en\/contract\/#breadcrumb"},"inLanguage":"en-US","potentialAction":[{"@type":"ReadAction","target":["https:\/\/www.atrisinvest.cz\/en\/contract\/"]}]},{"@type":"BreadcrumbList","@id":"https:\/\/www.atrisinvest.cz\/en\/contract\/#breadcrumb","itemListElement":[{"@type":"ListItem","position":1,"name":"Dom\u016f","item":"https:\/\/www.atrisinvest.cz\/en\/"},{"@type":"ListItem","position":2,"name":"Contract"}]},{"@type":"WebSite","@id":"https:\/\/www.atrisinvest.cz\/en\/#website","url":"https:\/\/www.atrisinvest.cz\/en\/","name":"ATRIS investi\u010dn\u00ed spole\u010dnost, a.s.","description":"","publisher":{"@id":"https:\/\/www.atrisinvest.cz\/en\/#organization"},"alternateName":"Investic\u00edm d\u00e1v\u00e1me s\u00edlu","potentialAction":[{"@type":"SearchAction","target":{"@type":"EntryPoint","urlTemplate":"https:\/\/www.atrisinvest.cz\/en\/?s={search_term_string}"},"query-input":{"@type":"PropertyValueSpecification","valueRequired":true,"valueName":"search_term_string"}}],"inLanguage":"en-US"},{"@type":"Organization","@id":"https:\/\/www.atrisinvest.cz\/en\/#organization","name":"ATRIS investi\u010dn\u00ed spole\u010dnost, a.s.","alternateName":"ATRIS IS","url":"https:\/\/www.atrisinvest.cz\/en\/","logo":{"@type":"ImageObject","inLanguage":"en-US","@id":"https:\/\/www.atrisinvest.cz\/en\/#\/schema\/logo\/image\/","url":"https:\/\/atrisinvest.cz\/wp-content\/uploads\/profil.obr_.socialy.png","contentUrl":"https:\/\/atrisinvest.cz\/wp-content\/uploads\/profil.obr_.socialy.png","width":259,"height":259,"caption":"ATRIS investi\u010dn\u00ed spole\u010dnost, a.s."},"image":{"@id":"https:\/\/www.atrisinvest.cz\/en\/#\/schema\/logo\/image\/"},"sameAs":["https:\/\/www.facebook.com\/ATRISinvest.cz","https:\/\/www.instagram.com\/atrisinvest\/","https:\/\/www.linkedin.com\/company\/35541313\/admin\/"]}]}},"jetpack_sharing_enabled":true,"jetpack_shortlink":"https:\/\/wp.me\/P72otc-3Ml","_links":{"self":[{"href":"https:\/\/www.atrisinvest.cz\/en\/wp-json\/wp\/v2\/pages\/14529","targetHints":{"allow":["GET"]}}],"collection":[{"href":"https:\/\/www.atrisinvest.cz\/en\/wp-json\/wp\/v2\/pages"}],"about":[{"href":"https:\/\/www.atrisinvest.cz\/en\/wp-json\/wp\/v2\/types\/page"}],"author":[{"embeddable":true,"href":"https:\/\/www.atrisinvest.cz\/en\/wp-json\/wp\/v2\/users\/1"}],"replies":[{"embeddable":true,"href":"https:\/\/www.atrisinvest.cz\/en\/wp-json\/wp\/v2\/comments?post=14529"}],"version-history":[{"count":3,"href":"https:\/\/www.atrisinvest.cz\/en\/wp-json\/wp\/v2\/pages\/14529\/revisions"}],"predecessor-version":[{"id":14532,"href":"https:\/\/www.atrisinvest.cz\/en\/wp-json\/wp\/v2\/pages\/14529\/revisions\/14532"}],"wp:attachment":[{"href":"https:\/\/www.atrisinvest.cz\/en\/wp-json\/wp\/v2\/media?parent=14529"}],"curies":[{"name":"wp","href":"https:\/\/api.w.org\/{rel}","templated":true}]}}