{"id":14609,"date":"2015-05-15T15:09:00","date_gmt":"2015-05-15T14:09:00","guid":{"rendered":"https:\/\/www.atrisinvest.cz\/legal-notice\/"},"modified":"2026-03-05T14:38:35","modified_gmt":"2026-03-05T13:38:35","slug":"legal-notice","status":"publish","type":"page","link":"https:\/\/www.atrisinvest.cz\/en\/legal-notice\/","title":{"rendered":"Legal Notice"},"content":{"rendered":"\n<style type=\"text\/css\" data-created_by=\"avia_inline_auto\" id=\"style-css-av-1v8dt-ef90a4faa65e149afc279ba3b1fd5c09\">\n.avia-section.av-1v8dt-ef90a4faa65e149afc279ba3b1fd5c09{\nbackground-color:#101821;\nbackground-image:unset;\nposition:relative;\n}\n.avia-section.av-1v8dt-ef90a4faa65e149afc279ba3b1fd5c09 .avia-divider-svg-top svg{\nheight:10px;\nwidth:calc(100% + 1.3px);\nfill:#ce9d3e;\n}\n.avia-section.av-1v8dt-ef90a4faa65e149afc279ba3b1fd5c09 .avia-divider-svg-bottom svg{\nheight:10px;\nwidth:calc(100% + 1.3px);\nfill:#ce9d3e;\n}\n<\/style>\n<div id='av_section_1'  class='avia-section av-1v8dt-ef90a4faa65e149afc279ba3b1fd5c09 main_color avia-section-default avia-no-border-styling  avia-builder-el-0  avia-builder-el-no-sibling  avia-bg-style-scroll container_wrap fullsize'  ><div class='avia-divider-svg avia-divider-svg-opacity-tilt avia-divider-svg-top avia-svg-original'><svg xmlns=\"http:\/\/www.w3.org\/2000\/svg\" viewBox=\"0 0 2600 131.1\" preserveAspectRatio=\"none\">\n\t<path d=\"M0 0L2600 0 2600 69.1 0 0z\"\/>\n\t<path style=\"opacity:0.5\" d=\"M0 0L2600 0 2600 69.1 0 69.1z\"\/>\n\t<path style=\"opacity:0.25\" d=\"M2600 0L0 0 0 130.1 2600 69.1z\"\/>\n<\/svg><\/div><div class='avia-divider-svg avia-divider-svg-opacity-tilt avia-divider-svg-bottom avia-svg-original'><svg xmlns=\"http:\/\/www.w3.org\/2000\/svg\" viewBox=\"0 0 2600 131.1\" preserveAspectRatio=\"none\">\n\t<path d=\"M0 0L2600 0 2600 69.1 0 0z\"\/>\n\t<path style=\"opacity:0.5\" d=\"M0 0L2600 0 2600 69.1 0 69.1z\"\/>\n\t<path style=\"opacity:0.25\" d=\"M2600 0L0 0 0 130.1 2600 69.1z\"\/>\n<\/svg><\/div><div class='container av-section-cont-open' ><main  role=\"main\" itemprop=\"mainContentOfPage\"  class='template-page content  av-content-full alpha units'><div class='post-entry post-entry-type-page post-entry-14609'><div class='entry-content-wrapper clearfix'>\n\n<style type=\"text\/css\" data-created_by=\"avia_inline_auto\" id=\"style-css-av-l3bnd52f-a591cdcee7a2e24ca7a27bd43dbbc17f\">\n#top .hr.hr-invisible.av-l3bnd52f-a591cdcee7a2e24ca7a27bd43dbbc17f{\nheight:40px;\n}\n<\/style>\n<div  class='hr av-l3bnd52f-a591cdcee7a2e24ca7a27bd43dbbc17f hr-invisible  avia-builder-el-1  el_before_av_heading  avia-builder-el-first '><span class='hr-inner '><span class=\"hr-inner-style\"><\/span><\/span><\/div>\n\n<style type=\"text\/css\" data-created_by=\"avia_inline_auto\" id=\"style-css-av-lh6mb8tx-dc26df4a537d16c7b1879d25e2a77cc6\">\n#top .av-special-heading.av-lh6mb8tx-dc26df4a537d16c7b1879d25e2a77cc6{\npadding-bottom:10px;\ncolor:#ffffff;\n}\nbody .av-special-heading.av-lh6mb8tx-dc26df4a537d16c7b1879d25e2a77cc6 .av-special-heading-tag .heading-char{\nfont-size:25px;\n}\n.av-special-heading.av-lh6mb8tx-dc26df4a537d16c7b1879d25e2a77cc6 .special-heading-inner-border{\nborder-color:#ffffff;\n}\n.av-special-heading.av-lh6mb8tx-dc26df4a537d16c7b1879d25e2a77cc6 .av-subheading{\nfont-size:15px;\n}\n<\/style>\n<div  class='av-special-heading av-lh6mb8tx-dc26df4a537d16c7b1879d25e2a77cc6 av-special-heading-h2 custom-color-heading blockquote modern-quote modern-centered  avia-builder-el-2  el_after_av_hr  el_before_av_hr '><h2 class='av-special-heading-tag '  itemprop=\"headline\"  >Legal Notice<\/h2><div class=\"special-heading-border\"><div class=\"special-heading-inner-border\"><\/div><\/div><\/div>\n\n<style type=\"text\/css\" data-created_by=\"avia_inline_auto\" id=\"style-css-av-rwsp-63a6bf4da4cbde6fdf5160a6c84b5c95\">\n#top .hr.hr-invisible.av-rwsp-63a6bf4da4cbde6fdf5160a6c84b5c95{\nheight:40px;\n}\n<\/style>\n<div  class='hr av-rwsp-63a6bf4da4cbde6fdf5160a6c84b5c95 hr-invisible  avia-builder-el-3  el_after_av_heading  el_before_av_one_fifth '><span class='hr-inner '><span class=\"hr-inner-style\"><\/span><\/span><\/div>\n<div  class='flex_column av-1if9t-582bb7f9cbe0a5c7b0bb92dde30c9318 av_one_fifth  avia-builder-el-4  el_after_av_hr  el_before_av_three_fifth  first flex_column_div  '     ><\/div>\n<style type=\"text\/css\" data-created_by=\"avia_inline_auto\" id=\"style-css-av-1ewhx-0b59e3033600675b209de09ecb8342ac\">\n.flex_column.av-1ewhx-0b59e3033600675b209de09ecb8342ac{\nborder-radius:0px 0px 0px 0px;\npadding:30px 30px 30px 30px;\n}\n<\/style>\n<div  class='flex_column av-1ewhx-0b59e3033600675b209de09ecb8342ac av_three_fifth  avia-builder-el-5  el_after_av_one_fifth  el_before_av_one_fifth  flex_column_div  '     ><section  class='av_textblock_section av-14l79-5838ef2583f8e21f21e966f594c49e22 '   itemscope=\"itemscope\" itemtype=\"https:\/\/schema.org\/CreativeWork\" ><div class='avia_textblock'  itemprop=\"text\" ><p style=\"text-align: center;\"><span style=\"color: #ffffff;\">The website www.atrisinvest.cz is a&nbsp;presentation of the investment company ATRIS investi\u010dn\u00ed spole\u010dnost, a.s., I\u010cO: 27647188, with its registered office at Plze\u0148sk\u00e1 3217\/16 110 00 Prague 5 \u2013 Sm\u00edchov, Czech Republic (hereinafter referred to as \u201cATRIS IS\u201d), relating to the collective investment fund Realita nemovitostn\u00ed otvet\u0159en podilov\u00fd fond, ATRIS investi\u010dn\u00ed spole\u010dnost, a.s. (hereinafter referred to as the \u201cFund\u201d) and is intended solely for informational purposes. The purpose of the website and the information provided on it is not to replace the statute of the Fund, to communicate key information about the Fund or to provide a&nbsp;summary thereof. It is not investment advice, investment research or financial analysis, nor an offer or invitation to buy or sell units of the Fund, or more generally any investment instrument.<\/span><\/p>\n<p style=\"text-align: center;\"><span style=\"color: #ffffff;\">The website contains promotional messages. Before making any final investment decision, please read the Fund&#8217;s&nbsp;statute and key information statement.<\/span><br \/>\n<span style=\"color: #ffffff;\"> ATRISIS is subject to supervision by the Czech National Bank, Na P\u0159\u00edkop\u011b 28, 115 03 Prague 1, <a style=\"color: #ffffff;\" href=\"https:\/\/www.cnb.cz\">www.cnb.cz<\/a>. The supervision of the Czech National Bank is not a&nbsp;guarantee of return on investment or performance of the Fund, nor can it exclude the possibility of ATRIS violating legal obligations or the Fund&#8217;s&nbsp;statute and does not guarantee that any damage caused by such a&nbsp;violation will be compensated.<\/span><\/p>\n<p style=\"text-align: center;\"><span style=\"color: #ffffff;\">The Fund may invest in real estate and real estate companies, or other complementary assets, in accordance with its statute. The Fund does not track any index. Part of the Fund&#8217;s&nbsp;portfolio consists of liquid funds (primarily deposits in banks). More detailed information is provided in the statute and key information statement of the Fund, which can be obtained in Czech in electronic form on the websites <a style=\"color: #ffffff;\" href=\"https:\/\/storage.atrisinvest.cz\/actual\/ATRIS_statut_fondu_Realita.pdf\">https:\/\/storage.atrisinvest.cz\/fond_statut_Realita_2022.pdf<\/a> and <a style=\"color: #ffffff;\" href=\"https:\/\/storage.atrisinvest.cz\/fond_klicove_informace_pro_investory.pdf\">https:\/\/storage.atrisinvest.cz\/fond_klicove_informace_2022.pdf <\/a> and in paper form at the registered office of ATRIS IS, Plze\u0148sk\u00e1 3217\/16 110 00 Prague 5 \u2013 Sm\u00edchov, on working days from 10:00 to 16:00. An overview of investors&#8217; rights can be obtained in the same way. The tax regime depends on the individual circumstances of each investor and may change in the future.<\/span><\/p>\n<p style=\"text-align: center;\"><span style=\"color: #ffffff;\">The Renta+ and SPORO product is an investment product. Investing in the Fund&#8217;s&nbsp;units carries risks that are not described in detail in this document. The value of the investment may fluctuate over time and the return on the invested amount is not guaranteed. ATRIS IS as an investment company is not a&nbsp;participant in the Securities Dealers Guarantee Fund by law. More detailed information about individual risks is provided in the Fund&#8217;s&nbsp;statute and the Fund&#8217;s&nbsp;key information statement.<\/span><\/p>\n<p style=\"text-align: center;\"><span style=\"color: #ffffff;\">Investing in the Fund is subject to a&nbsp;management fee (management fee) and, in the event of termination before one year, also an exit fee. More detailed information about the fees is provided in the Fund&#8217;s&nbsp;statute and price list.<\/span><\/p>\n<\/div><\/section><\/div><div  class='flex_column av-vxh1-3aa0311b557de381b4d62e7939af573b av_one_fifth  avia-builder-el-7  el_after_av_three_fifth  avia-builder-el-last  flex_column_div  '     ><\/div>\n","protected":false},"excerpt":{"rendered":"","protected":false},"author":1,"featured_media":0,"parent":0,"menu_order":0,"comment_status":"open","ping_status":"open","template":"","meta":{"jetpack_post_was_ever_published":false,"footnotes":""},"class_list":["post-14609","page","type-page","status-publish","hentry"],"yoast_head":"<!-- This site is optimized with the Yoast SEO Premium plugin v25.2 (Yoast SEO v25.2) - https:\/\/yoast.com\/wordpress\/plugins\/seo\/ -->\n<title>ATRIS investi\u010dn\u00ed spole\u010dnost, a.s.<\/title>\n<meta name=\"robots\" content=\"index, follow, max-snippet:-1, max-image-preview:large, max-video-preview:-1\" \/>\n<link rel=\"canonical\" href=\"https:\/\/www.atrisinvest.cz\/en\/legal-notice\/\" \/>\n<meta property=\"og:locale\" content=\"en_US\" \/>\n<meta property=\"og:type\" content=\"article\" \/>\n<meta property=\"og:title\" content=\"Legal Notice\" \/>\n<meta property=\"og:url\" content=\"https:\/\/www.atrisinvest.cz\/en\/legal-notice\/\" \/>\n<meta property=\"og:site_name\" content=\"ATRIS investi\u010dn\u00ed spole\u010dnost, a.s.\" \/>\n<meta property=\"article:publisher\" content=\"https:\/\/www.facebook.com\/ATRISinvest.cz\" \/>\n<meta property=\"article:modified_time\" content=\"2026-03-05T13:38:35+00:00\" \/>\n<meta property=\"og:image\" content=\"https:\/\/www.atrisinvest.cz\/wp-content\/uploads\/seo.png\" \/>\n\t<meta property=\"og:image:width\" content=\"1200\" \/>\n\t<meta property=\"og:image:height\" content=\"675\" \/>\n\t<meta property=\"og:image:type\" content=\"image\/png\" \/>\n<meta name=\"twitter:card\" content=\"summary_large_image\" \/>\n<meta name=\"twitter:label1\" content=\"Est. reading time\" \/>\n\t<meta name=\"twitter:data1\" content=\"3 minutes\" \/>\n<script type=\"application\/ld+json\" class=\"yoast-schema-graph\">{\"@context\":\"https:\/\/schema.org\",\"@graph\":[{\"@type\":\"WebPage\",\"@id\":\"https:\/\/www.atrisinvest.cz\/en\/legal-notice\/\",\"url\":\"https:\/\/www.atrisinvest.cz\/en\/legal-notice\/\",\"name\":\"\",\"isPartOf\":{\"@id\":\"https:\/\/www.atrisinvest.cz\/en\/#website\"},\"datePublished\":\"2015-05-15T14:09:00+00:00\",\"dateModified\":\"2026-03-05T13:38:35+00:00\",\"breadcrumb\":{\"@id\":\"https:\/\/www.atrisinvest.cz\/en\/legal-notice\/#breadcrumb\"},\"inLanguage\":\"en-US\",\"potentialAction\":[{\"@type\":\"ReadAction\",\"target\":[\"https:\/\/www.atrisinvest.cz\/en\/legal-notice\/\"]}]},{\"@type\":\"BreadcrumbList\",\"@id\":\"https:\/\/www.atrisinvest.cz\/en\/legal-notice\/#breadcrumb\",\"itemListElement\":[{\"@type\":\"ListItem\",\"position\":1,\"name\":\"Dom\u016f\",\"item\":\"https:\/\/www.atrisinvest.cz\/en\/\"},{\"@type\":\"ListItem\",\"position\":2,\"name\":\"Legal Notice\"}]},{\"@type\":\"WebSite\",\"@id\":\"https:\/\/www.atrisinvest.cz\/en\/#website\",\"url\":\"https:\/\/www.atrisinvest.cz\/en\/\",\"name\":\"ATRIS investi\u010dn\u00ed spole\u010dnost, a.s.\",\"description\":\"\",\"publisher\":{\"@id\":\"https:\/\/www.atrisinvest.cz\/en\/#organization\"},\"alternateName\":\"Investic\u00edm d\u00e1v\u00e1me s\u00edlu\",\"potentialAction\":[{\"@type\":\"SearchAction\",\"target\":{\"@type\":\"EntryPoint\",\"urlTemplate\":\"https:\/\/www.atrisinvest.cz\/en\/?s={search_term_string}\"},\"query-input\":{\"@type\":\"PropertyValueSpecification\",\"valueRequired\":true,\"valueName\":\"search_term_string\"}}],\"inLanguage\":\"en-US\"},{\"@type\":\"Organization\",\"@id\":\"https:\/\/www.atrisinvest.cz\/en\/#organization\",\"name\":\"ATRIS investi\u010dn\u00ed spole\u010dnost, a.s.\",\"alternateName\":\"ATRIS IS\",\"url\":\"https:\/\/www.atrisinvest.cz\/en\/\",\"logo\":{\"@type\":\"ImageObject\",\"inLanguage\":\"en-US\",\"@id\":\"https:\/\/www.atrisinvest.cz\/en\/#\/schema\/logo\/image\/\",\"url\":\"https:\/\/atrisinvest.cz\/wp-content\/uploads\/profil.obr_.socialy.png\",\"contentUrl\":\"https:\/\/atrisinvest.cz\/wp-content\/uploads\/profil.obr_.socialy.png\",\"width\":259,\"height\":259,\"caption\":\"ATRIS investi\u010dn\u00ed spole\u010dnost, a.s.\"},\"image\":{\"@id\":\"https:\/\/www.atrisinvest.cz\/en\/#\/schema\/logo\/image\/\"},\"sameAs\":[\"https:\/\/www.facebook.com\/ATRISinvest.cz\",\"https:\/\/www.instagram.com\/atrisinvest\/\",\"https:\/\/www.linkedin.com\/company\/35541313\/admin\/\"]}]}<\/script>\n<!-- \/ Yoast SEO Premium plugin. -->","yoast_head_json":{"title":"ATRIS investi\u010dn\u00ed spole\u010dnost, a.s.","robots":{"index":"index","follow":"follow","max-snippet":"max-snippet:-1","max-image-preview":"max-image-preview:large","max-video-preview":"max-video-preview:-1"},"canonical":"https:\/\/www.atrisinvest.cz\/en\/legal-notice\/","og_locale":"en_US","og_type":"article","og_title":"Legal Notice","og_url":"https:\/\/www.atrisinvest.cz\/en\/legal-notice\/","og_site_name":"ATRIS investi\u010dn\u00ed spole\u010dnost, a.s.","article_publisher":"https:\/\/www.facebook.com\/ATRISinvest.cz","article_modified_time":"2026-03-05T13:38:35+00:00","og_image":[{"width":1200,"height":675,"url":"https:\/\/www.atrisinvest.cz\/wp-content\/uploads\/seo.png","type":"image\/png"}],"twitter_card":"summary_large_image","twitter_misc":{"Est. reading time":"3 minutes"},"schema":{"@context":"https:\/\/schema.org","@graph":[{"@type":"WebPage","@id":"https:\/\/www.atrisinvest.cz\/en\/legal-notice\/","url":"https:\/\/www.atrisinvest.cz\/en\/legal-notice\/","name":"","isPartOf":{"@id":"https:\/\/www.atrisinvest.cz\/en\/#website"},"datePublished":"2015-05-15T14:09:00+00:00","dateModified":"2026-03-05T13:38:35+00:00","breadcrumb":{"@id":"https:\/\/www.atrisinvest.cz\/en\/legal-notice\/#breadcrumb"},"inLanguage":"en-US","potentialAction":[{"@type":"ReadAction","target":["https:\/\/www.atrisinvest.cz\/en\/legal-notice\/"]}]},{"@type":"BreadcrumbList","@id":"https:\/\/www.atrisinvest.cz\/en\/legal-notice\/#breadcrumb","itemListElement":[{"@type":"ListItem","position":1,"name":"Dom\u016f","item":"https:\/\/www.atrisinvest.cz\/en\/"},{"@type":"ListItem","position":2,"name":"Legal Notice"}]},{"@type":"WebSite","@id":"https:\/\/www.atrisinvest.cz\/en\/#website","url":"https:\/\/www.atrisinvest.cz\/en\/","name":"ATRIS investi\u010dn\u00ed spole\u010dnost, a.s.","description":"","publisher":{"@id":"https:\/\/www.atrisinvest.cz\/en\/#organization"},"alternateName":"Investic\u00edm d\u00e1v\u00e1me s\u00edlu","potentialAction":[{"@type":"SearchAction","target":{"@type":"EntryPoint","urlTemplate":"https:\/\/www.atrisinvest.cz\/en\/?s={search_term_string}"},"query-input":{"@type":"PropertyValueSpecification","valueRequired":true,"valueName":"search_term_string"}}],"inLanguage":"en-US"},{"@type":"Organization","@id":"https:\/\/www.atrisinvest.cz\/en\/#organization","name":"ATRIS investi\u010dn\u00ed spole\u010dnost, a.s.","alternateName":"ATRIS IS","url":"https:\/\/www.atrisinvest.cz\/en\/","logo":{"@type":"ImageObject","inLanguage":"en-US","@id":"https:\/\/www.atrisinvest.cz\/en\/#\/schema\/logo\/image\/","url":"https:\/\/atrisinvest.cz\/wp-content\/uploads\/profil.obr_.socialy.png","contentUrl":"https:\/\/atrisinvest.cz\/wp-content\/uploads\/profil.obr_.socialy.png","width":259,"height":259,"caption":"ATRIS investi\u010dn\u00ed spole\u010dnost, a.s."},"image":{"@id":"https:\/\/www.atrisinvest.cz\/en\/#\/schema\/logo\/image\/"},"sameAs":["https:\/\/www.facebook.com\/ATRISinvest.cz","https:\/\/www.instagram.com\/atrisinvest\/","https:\/\/www.linkedin.com\/company\/35541313\/admin\/"]}]}},"jetpack_sharing_enabled":true,"jetpack_shortlink":"https:\/\/wp.me\/P72otc-3ND","_links":{"self":[{"href":"https:\/\/www.atrisinvest.cz\/en\/wp-json\/wp\/v2\/pages\/14609","targetHints":{"allow":["GET"]}}],"collection":[{"href":"https:\/\/www.atrisinvest.cz\/en\/wp-json\/wp\/v2\/pages"}],"about":[{"href":"https:\/\/www.atrisinvest.cz\/en\/wp-json\/wp\/v2\/types\/page"}],"author":[{"embeddable":true,"href":"https:\/\/www.atrisinvest.cz\/en\/wp-json\/wp\/v2\/users\/1"}],"replies":[{"embeddable":true,"href":"https:\/\/www.atrisinvest.cz\/en\/wp-json\/wp\/v2\/comments?post=14609"}],"version-history":[{"count":3,"href":"https:\/\/www.atrisinvest.cz\/en\/wp-json\/wp\/v2\/pages\/14609\/revisions"}],"predecessor-version":[{"id":14613,"href":"https:\/\/www.atrisinvest.cz\/en\/wp-json\/wp\/v2\/pages\/14609\/revisions\/14613"}],"wp:attachment":[{"href":"https:\/\/www.atrisinvest.cz\/en\/wp-json\/wp\/v2\/media?parent=14609"}],"curies":[{"name":"wp","href":"https:\/\/api.w.org\/{rel}","templated":true}]}}